{"id":1504,"date":"2026-02-05T09:10:56","date_gmt":"2026-02-05T08:10:56","guid":{"rendered":"https:\/\/www.rio-uhren.de\/blog\/?post_type=product&#038;p=1504"},"modified":"2026-02-10T09:30:37","modified_gmt":"2026-02-10T08:30:37","slug":"omega-speedmaster-broad-arrow-1957-full-set-certified-pre-owned","status":"publish","type":"product","link":"https:\/\/www.rio-uhren.de\/blog\/produkt\/omega-speedmaster-broad-arrow-1957-full-set-certified-pre-owned\/","title":{"rendered":"VERKAUFT &#8211; Omega Speedmaster Broad Arrow 1957 &#8211; Full Set &#8211; Certified Pre-Owned"},"content":{"rendered":"<p>Omega Speedmaster in Stahl-Rotgold mit Massivgold L\u00fcnette, Krone, Dr\u00fccker und Zeiger sowie Indexe.<\/p>\n<p>Kaliber 3313, das Uhrwerk wurde im Juli 2025 vollst\u00e4ndig \u00fcberholt.<\/p>\n<p>Die Uhr hat 2025 einen kompletten Service erhalten, inklusive nagelneuer L\u00fcnette, vollst\u00e4ndiger \u00dcberholung des Uhrwerks und Ersatz der Dichtungen, Krone und Dr\u00fccker.<br \/>\nAuf die Funktion der Uhr gibt es zwei Jahre Gew\u00e4hrleistung von der Uhrenwerkstatt &#8222;R.I.O. Uhrenwerkst\u00e4tte&#8220; in Oppenheim.<\/p>\n<p>Auch das Geh\u00e4use wurde erstklassig aufgearbeitet, ohne ausgesprochene Erfahrung und sehr genauem Hinsehen ist kein Unterschied zu einer neuen Uhr erkennbar &#8211; nicht wie bei fast allen anderen gebrauchten aufgearbeiteten Uhren.<\/p>\n<p>Die \u00dcberholung des Uhrwerks wurde hier in der Omega zertifizierten Werkstatt vom Inhaber durchgef\u00fchrt, ein Revisionsbereicht des Schwesternkalibers 3303 vom Uhrmacher finden Sie hier: <a href=\"https:\/\/www.rio-uhren.de\/blog\/2024\/02\/21\/reparatur-omega-3303-chronograph\/\">Reparatur Omega 3303 Chronograph \u2013 R.I.O. Uhrenkunde Blog und Shop<\/a><\/p>\n<p>Die Uhr wurde somit nicht m\u00f6glichst billig \u00fcberholt, wie es bei vielen H\u00e4ndlern der Fall ist, sondern in bestm\u00f6glichen technischen und optischen Zustand versetzt.<\/p>\n<p>Daher erf\u00fcllt die Uhr alle Kriterien, um ein &#8222;Certified &#8211; Pre-Owned&#8220; Zertifikat der Uhrenwerkstatt zu erhalten.<br \/>\nDieses Zertifikat erhalten ausschlie\u00dflich Uhren, die technisch UND optisch in besserem Zustand als 95% der vergleichbaren Modelle auf dem Gebrauchtmarkt sind.<\/p>\n<p>Full Set inklusive Box und Papiere, neues Lederband &#8222;Hirsch Duke&#8220; in braun sowie originaler Omega Faltschlie\u00dfe Stahl-Rotgold.<\/p>\n<p>Abholung oder Ansicht der Uhr ist nur nach vorheriger Terminvereinbarung in der Uhrenwerkstatt in Oppenheim m\u00f6glich.<\/p>\n<p>Bei Versand: Der Wertversand ist inklusive, Zahlung bei Versand nur per Vorkasse \u00dcberweisung, Bitcoin oder vergleichbaren Zahlungsmethoden.<\/p>\n<p>Differenzbesteuerung nach \u00a7 25a UStG<\/p>\n<table>\n<tbody>\n<tr>\n<td class=\"p-r-2\"><strong>Marke<\/strong><\/td>\n<td>Omega<\/td>\n<\/tr>\n<tr>\n<td class=\"p-r-2\"><strong>Modell<\/strong><\/td>\n<td>Speedmaster Broad Arrow 1957<\/td>\n<\/tr>\n<tr>\n<td class=\"p-r-2\"><strong>Referenznummer<\/strong><\/td>\n<td>321.93.42.50.13.001<\/td>\n<\/tr>\n<tr>\n<td class=\"p-r-2\"><strong>Aufzug<\/strong><\/td>\n<td>Automatik<\/td>\n<\/tr>\n<tr>\n<td class=\"p-r-2\"><strong>Material Geh\u00e4use<\/strong><\/td>\n<td>Rotgold\/Stahl<\/td>\n<\/tr>\n<tr>\n<td class=\"p-r-2\"><strong>Material Armband<\/strong><\/td>\n<td>Rindsleder<\/td>\n<\/tr>\n<tr>\n<td class=\"p-r-2\"><strong>Herstellungsjahr<\/strong><\/td>\n<td>2006<\/td>\n<\/tr>\n<tr>\n<td class=\"p-r-2\"><strong>Zustand<\/strong><\/td>\n<td>Gebraucht, sehr gut<\/td>\n<\/tr>\n<tr>\n<td class=\"p-r-2\"><strong>Letzte Revision<\/strong><\/td>\n<td>22. Juli 2025<\/td>\n<\/tr>\n<tr>\n<td class=\"p-r-2\"><strong>Lieferumfang<\/strong><\/td>\n<td>\n<div class=\"d-flex justify-content-between\">Mit Original-Box, mit Original-Papieren<button class=\"js-tooltip relative link pointer p-a-0\" type=\"button\" data-content=\"&lt;strong&gt;Original-Box&lt;\/strong&gt;&lt;br \/&gt; Original-Box des Herstellers&lt;br \/&gt; &lt;br \/&gt; &lt;strong&gt;Original-Papiere&lt;\/strong&gt;&lt;br \/&gt; Garantiekarte des Herstellers&lt;br \/&gt;\" data-append-to-body=\"true\" aria-label=\"Mehr erfahren \u00fcber: Lieferumfang\"><i class=\"i-info m-r-0\" aria-hidden=\"true\"><\/i><\/button><\/div>\n<\/td>\n<\/tr>\n<tr>\n<td class=\"p-r-2\"><strong>Geschlecht<\/strong><\/td>\n<td>Herren\/Unisex<\/td>\n<\/tr>\n<tr>\n<td class=\"p-r-2\"><strong>Standort<\/strong><\/td>\n<td>Deutschland<\/td>\n<\/tr>\n<tr>\n<td class=\"p-r-2\"><strong>Preis<\/strong><\/td>\n<td>6.400<\/td>\n<\/tr>\n<tr>\n<td class=\"p-r-2\"><strong>Verf\u00fcgbarkeit<\/strong><\/td>\n<td>Artikel auf Lager<\/td>\n<\/tr>\n<\/tbody>\n<tbody>\n<tr>\n<td class=\"p-r-2\" colspan=\"2\">\n<h3 class=\"h4 m-b-0\">Werk<\/h3>\n<\/td>\n<\/tr>\n<tr>\n<td class=\"p-r-2\"><strong>Aufzug<\/strong><\/td>\n<td>Automatik<\/td>\n<\/tr>\n<tr>\n<td class=\"p-r-2\"><strong>Kaliber\/Werk<\/strong><\/td>\n<td>3313<\/td>\n<\/tr>\n<tr>\n<td class=\"p-r-2\"><strong>Basiskaliber<\/strong><\/td>\n<td>3301<\/td>\n<\/tr>\n<tr>\n<td class=\"p-r-2\"><strong>Gangreserve<\/strong><\/td>\n<td>55 h<\/td>\n<\/tr>\n<tr>\n<td class=\"p-r-2\"><strong>Anzahl Steine<\/strong><\/td>\n<td>37<\/td>\n<\/tr>\n<tr>\n<td class=\"p-r-2\"><strong>Schwingung<\/strong><\/td>\n<td>28800 A\/h<\/td>\n<\/tr>\n<\/tbody>\n<tbody>\n<tr>\n<td class=\"p-r-2\" colspan=\"2\">\n<h3 class=\"h4 m-b-0\">Geh\u00e4use<\/h3>\n<\/td>\n<\/tr>\n<tr>\n<td class=\"p-r-2\"><strong>Material Geh\u00e4use<\/strong><\/td>\n<td>Gold\/Stahl<\/td>\n<\/tr>\n<tr>\n<td class=\"p-r-2\"><strong>Durchmesser<\/strong><\/td>\n<td>42 mm<\/td>\n<\/tr>\n<tr>\n<td class=\"p-r-2\"><strong>Wasserdichtigkeit<\/strong><\/td>\n<td>10 ATM<\/td>\n<\/tr>\n<tr>\n<td class=\"p-r-2\"><strong>Material L\u00fcnette<\/strong><\/td>\n<td>Rotgold<\/td>\n<\/tr>\n<tr>\n<td class=\"p-r-2\"><strong>Glas<\/strong><\/td>\n<td>Saphirglas<\/td>\n<\/tr>\n<tr>\n<td class=\"p-r-2\"><strong>Zifferblatt<\/strong><\/td>\n<td>Bronze<\/td>\n<\/tr>\n<tr>\n<td class=\"p-r-2\"><strong>Zahlen Zifferblatt<\/strong><\/td>\n<td>Indexe<\/td>\n<\/tr>\n<\/tbody>\n<tbody>\n<tr>\n<td class=\"p-r-2\" colspan=\"2\">\n<h3 class=\"h4 m-b-0\">Armband<\/h3>\n<\/td>\n<\/tr>\n<tr>\n<td class=\"p-r-2\"><strong>Material Armband<\/strong><\/td>\n<td>Rindsleder<\/td>\n<\/tr>\n<tr>\n<td class=\"p-r-2\"><strong>Farbe Armband<\/strong><\/td>\n<td>Braun<\/td>\n<\/tr>\n<tr>\n<td class=\"p-r-2\"><strong>L\u00e4nge Armband<\/strong><\/td>\n<td>200 mm (120 mm \/ 80 mm)<\/td>\n<\/tr>\n<tr>\n<td class=\"p-r-2\"><strong>St\u00e4rke Armband<\/strong><\/td>\n<td>2,8 mm<\/td>\n<\/tr>\n<tr>\n<td class=\"p-r-2\"><strong>Stegbreite<\/strong><\/td>\n<td><span class=\"m-r-2\">20 mm<\/span><\/td>\n<\/tr>\n<tr>\n<td class=\"p-r-2\"><strong>Schlie\u00dfe<\/strong><\/td>\n<td>Faltschlie\u00dfe<\/td>\n<\/tr>\n<tr>\n<td class=\"p-r-2\"><strong>Material Schlie\u00dfe<\/strong><\/td>\n<td>Gold\/Stahl (original Omega Faltschlie\u00dfe)<\/td>\n<\/tr>\n<tr>\n<td class=\"p-r-2\"><strong>Schlie\u00dfenbreite<\/strong><\/td>\n<td>18 mm<\/td>\n<\/tr>\n<\/tbody>\n<tbody>\n<tr>\n<td class=\"p-r-2\" colspan=\"2\">\n<h3 class=\"h4 m-b-0\">Funktionen<\/h3>\n<\/td>\n<\/tr>\n<tr>\n<td class=\"p-r-2\" colspan=\"2\">Chronograph, Datum<\/td>\n<\/tr>\n<\/tbody>\n<tbody>\n<tr>\n<td class=\"p-r-2\" colspan=\"2\">\n<h3 class=\"h4 m-b-0\">Sonstiges<\/h3>\n<\/td>\n<\/tr>\n<tr>\n<td class=\"p-r-2\" colspan=\"2\">Sichtboden, Kleine Sekunde, Chronometer, Schnellschaltung, Originalzustand\/Originalteile<\/td>\n<\/tr>\n<\/tbody>\n<\/table>\n","protected":false},"excerpt":{"rendered":"<p><img loading=\"lazy\" decoding=\"async\" class=\"alignnone size-medium wp-image-1503\" src=\"https:\/\/www.rio-uhren.de\/blog\/wp-content\/uploads\/2026\/02\/DC_IMG_3673k-300x200.jpg\" alt=\"\" width=\"300\" height=\"200\" srcset=\"https:\/\/www.rio-uhren.de\/blog\/wp-content\/uploads\/2026\/02\/DC_IMG_3673k-300x200.jpg 300w, https:\/\/www.rio-uhren.de\/blog\/wp-content\/uploads\/2026\/02\/DC_IMG_3673k-1024x683.jpg 1024w, https:\/\/www.rio-uhren.de\/blog\/wp-content\/uploads\/2026\/02\/DC_IMG_3673k-768x512.jpg 768w, https:\/\/www.rio-uhren.de\/blog\/wp-content\/uploads\/2026\/02\/DC_IMG_3673k-1536x1024.jpg 1536w, https:\/\/www.rio-uhren.de\/blog\/wp-content\/uploads\/2026\/02\/DC_IMG_3673k-2048x1366.jpg 2048w, https:\/\/www.rio-uhren.de\/blog\/wp-content\/uploads\/2026\/02\/DC_IMG_3673k-600x400.jpg 600w\" sizes=\"auto, (max-width: 300px) 100vw, 300px\" \/><\/p>\n<p>Omega Speedmaster Broad Arrow 1957 &#8211; von 2006 &#8211; vollst\u00e4ndig \u00fcberholt &#8211; Certified Pre-Owned<\/p>\n","protected":false},"featured_media":1502,"comment_status":"open","ping_status":"closed","template":"","meta":[],"product_brand":[],"product_cat":[58,45],"product_tag":[],"class_list":{"0":"post-1504","1":"product","2":"type-product","3":"status-publish","4":"has-post-thumbnail","6":"product_cat-omega","7":"product_cat-vintage-armbanduhren-refurbished","9":"first","10":"outofstock","11":"sold-individually","12":"purchasable","13":"product-type-simple"},"jetpack_sharing_enabled":true,"_links":{"self":[{"href":"https:\/\/www.rio-uhren.de\/blog\/wp-json\/wp\/v2\/product\/1504","targetHints":{"allow":["GET"]}}],"collection":[{"href":"https:\/\/www.rio-uhren.de\/blog\/wp-json\/wp\/v2\/product"}],"about":[{"href":"https:\/\/www.rio-uhren.de\/blog\/wp-json\/wp\/v2\/types\/product"}],"replies":[{"embeddable":true,"href":"https:\/\/www.rio-uhren.de\/blog\/wp-json\/wp\/v2\/comments?post=1504"}],"wp:featuredmedia":[{"embeddable":true,"href":"https:\/\/www.rio-uhren.de\/blog\/wp-json\/wp\/v2\/media\/1502"}],"wp:attachment":[{"href":"https:\/\/www.rio-uhren.de\/blog\/wp-json\/wp\/v2\/media?parent=1504"}],"wp:term":[{"taxonomy":"product_brand","embeddable":true,"href":"https:\/\/www.rio-uhren.de\/blog\/wp-json\/wp\/v2\/product_brand?post=1504"},{"taxonomy":"product_cat","embeddable":true,"href":"https:\/\/www.rio-uhren.de\/blog\/wp-json\/wp\/v2\/product_cat?post=1504"},{"taxonomy":"product_tag","embeddable":true,"href":"https:\/\/www.rio-uhren.de\/blog\/wp-json\/wp\/v2\/product_tag?post=1504"}],"curies":[{"name":"wp","href":"https:\/\/api.w.org\/{rel}","templated":true}]}}